{"id":1197,"date":"2023-03-31T14:29:40","date_gmt":"2023-03-31T14:29:40","guid":{"rendered":"https:\/\/gymwelt-tsv1881.de\/?page_id=1197"},"modified":"2025-05-17T07:43:02","modified_gmt":"2025-05-17T07:43:02","slug":"showtanzgruppe-dragons","status":"publish","type":"page","link":"https:\/\/gymwelt-tsv1881.de\/?page_id=1197","title":{"rendered":"Dragons"},"content":{"rendered":"\n<p class=\"has-text-align-center has-accent-color has-text-color\"><strong>Trainer\/Trainerin gesucht!<\/strong><\/p>\n\n\n\n<div class=\"wp-block-media-text alignwide is-stacked-on-mobile\" style=\"grid-template-columns:30% auto\"><figure class=\"wp-block-media-text__media\"><img loading=\"lazy\" decoding=\"async\" width=\"768\" height=\"1024\" src=\"https:\/\/gymwelt-tsv1881.de\/wp-content\/uploads\/2023\/04\/Showtanzgruppe_Dragons-1-768x1024.png\" alt=\"\" class=\"wp-image-1255 size-full\" srcset=\"https:\/\/gymwelt-tsv1881.de\/wp-content\/uploads\/2023\/04\/Showtanzgruppe_Dragons-1-768x1024.png 768w, https:\/\/gymwelt-tsv1881.de\/wp-content\/uploads\/2023\/04\/Showtanzgruppe_Dragons-1-225x300.png 225w, https:\/\/gymwelt-tsv1881.de\/wp-content\/uploads\/2023\/04\/Showtanzgruppe_Dragons-1-1152x1536.png 1152w, https:\/\/gymwelt-tsv1881.de\/wp-content\/uploads\/2023\/04\/Showtanzgruppe_Dragons-1-1536x2048.png 1536w, https:\/\/gymwelt-tsv1881.de\/wp-content\/uploads\/2023\/04\/Showtanzgruppe_Dragons-1-1200x1600.png 1200w, https:\/\/gymwelt-tsv1881.de\/wp-content\/uploads\/2023\/04\/Showtanzgruppe_Dragons-1.png 1772w\" sizes=\"auto, (max-width: 768px) 100vw, 768px\" \/><\/figure><div class=\"wp-block-media-text__content\">\n<h5 class=\"wp-block-heading\">Alter: 13+<\/h5>\n\n\n\n<p><strong>Informationen: Miriam Engler-Yalcin<br>Tel.: 0160-8898998<\/strong><\/p>\n\n\n\n<p><strong>Das Training richtet sich an Jugendliche im Alter von 13-16 Jahren.<\/strong><\/p>\n\n\n\n<p>Mit viel Spa\u00df am Tanzen, Begeisterung f\u00fcr den Sport, Ehrgeiz und einer guten Gruppendynamik wurde die Showtanz-Gruppe \u201eDragons\u201c 2021 gegr\u00fcndet.<br>Beim Showtanz geht es um die t\u00e4nzerische Darstellung eines bestimmten Themas. Am Anfang steht immer eine Geschichte, die auf die B\u00fchne gebracht werden soll. &nbsp;<br>Ausgefallene Kost\u00fcme und Requisiten, Kreative Interpretationen von Musik und Themen, die t\u00e4nzerische Vermittlung von Emotionen: Das alles vereint der Showtanz auf den B\u00fchnen der Karnevalsvereine und im Turniertanzsport.<\/p>\n<\/div><\/div>\n\n\n\n<h6 class=\"alignwide wp-block-heading\">Fastnachtskampagne 2024<\/h6>\n\n\n\n<figure class=\"wp-block-gallery alignwide has-nested-images columns-3 wp-block-gallery-1 is-layout-flex wp-block-gallery-is-layout-flex\">\n<figure class=\"wp-block-image size-full\"><img loading=\"lazy\" decoding=\"async\" width=\"2048\" height=\"1536\" data-id=\"1507\" src=\"https:\/\/gymwelt-tsv1881.de\/wp-content\/uploads\/2024\/03\/3ad8f98e-65c1-4118-9c97-f3300104e49b.jpeg\" alt=\"\" class=\"wp-image-1507\" srcset=\"https:\/\/gymwelt-tsv1881.de\/wp-content\/uploads\/2024\/03\/3ad8f98e-65c1-4118-9c97-f3300104e49b.jpeg 2048w, https:\/\/gymwelt-tsv1881.de\/wp-content\/uploads\/2024\/03\/3ad8f98e-65c1-4118-9c97-f3300104e49b-300x225.jpeg 300w, https:\/\/gymwelt-tsv1881.de\/wp-content\/uploads\/2024\/03\/3ad8f98e-65c1-4118-9c97-f3300104e49b-1024x768.jpeg 1024w, https:\/\/gymwelt-tsv1881.de\/wp-content\/uploads\/2024\/03\/3ad8f98e-65c1-4118-9c97-f3300104e49b-768x576.jpeg 768w, https:\/\/gymwelt-tsv1881.de\/wp-content\/uploads\/2024\/03\/3ad8f98e-65c1-4118-9c97-f3300104e49b-1536x1152.jpeg 1536w, https:\/\/gymwelt-tsv1881.de\/wp-content\/uploads\/2024\/03\/3ad8f98e-65c1-4118-9c97-f3300104e49b-1200x900.jpeg 1200w, https:\/\/gymwelt-tsv1881.de\/wp-content\/uploads\/2024\/03\/3ad8f98e-65c1-4118-9c97-f3300104e49b-1980x1485.jpeg 1980w\" sizes=\"auto, (max-width: 2048px) 100vw, 2048px\" \/><\/figure>\n\n\n\n<figure class=\"wp-block-image size-full\"><img loading=\"lazy\" decoding=\"async\" width=\"2048\" height=\"1536\" data-id=\"1506\" src=\"https:\/\/gymwelt-tsv1881.de\/wp-content\/uploads\/2024\/03\/45040e51-1e15-4ac4-bd19-54832786e60d.jpeg\" alt=\"\" class=\"wp-image-1506\" srcset=\"https:\/\/gymwelt-tsv1881.de\/wp-content\/uploads\/2024\/03\/45040e51-1e15-4ac4-bd19-54832786e60d.jpeg 2048w, https:\/\/gymwelt-tsv1881.de\/wp-content\/uploads\/2024\/03\/45040e51-1e15-4ac4-bd19-54832786e60d-300x225.jpeg 300w, https:\/\/gymwelt-tsv1881.de\/wp-content\/uploads\/2024\/03\/45040e51-1e15-4ac4-bd19-54832786e60d-1024x768.jpeg 1024w, https:\/\/gymwelt-tsv1881.de\/wp-content\/uploads\/2024\/03\/45040e51-1e15-4ac4-bd19-54832786e60d-768x576.jpeg 768w, https:\/\/gymwelt-tsv1881.de\/wp-content\/uploads\/2024\/03\/45040e51-1e15-4ac4-bd19-54832786e60d-1536x1152.jpeg 1536w, https:\/\/gymwelt-tsv1881.de\/wp-content\/uploads\/2024\/03\/45040e51-1e15-4ac4-bd19-54832786e60d-1200x900.jpeg 1200w, https:\/\/gymwelt-tsv1881.de\/wp-content\/uploads\/2024\/03\/45040e51-1e15-4ac4-bd19-54832786e60d-1980x1485.jpeg 1980w\" sizes=\"auto, (max-width: 2048px) 100vw, 2048px\" \/><\/figure>\n\n\n\n<figure class=\"wp-block-image size-full\"><img loading=\"lazy\" decoding=\"async\" width=\"2048\" height=\"1536\" data-id=\"1509\" src=\"https:\/\/gymwelt-tsv1881.de\/wp-content\/uploads\/2024\/03\/4f821a8a-5f46-41f6-b0e7-15c93b0dfe72.jpeg\" alt=\"\" class=\"wp-image-1509\" srcset=\"https:\/\/gymwelt-tsv1881.de\/wp-content\/uploads\/2024\/03\/4f821a8a-5f46-41f6-b0e7-15c93b0dfe72.jpeg 2048w, https:\/\/gymwelt-tsv1881.de\/wp-content\/uploads\/2024\/03\/4f821a8a-5f46-41f6-b0e7-15c93b0dfe72-300x225.jpeg 300w, https:\/\/gymwelt-tsv1881.de\/wp-content\/uploads\/2024\/03\/4f821a8a-5f46-41f6-b0e7-15c93b0dfe72-1024x768.jpeg 1024w, https:\/\/gymwelt-tsv1881.de\/wp-content\/uploads\/2024\/03\/4f821a8a-5f46-41f6-b0e7-15c93b0dfe72-768x576.jpeg 768w, https:\/\/gymwelt-tsv1881.de\/wp-content\/uploads\/2024\/03\/4f821a8a-5f46-41f6-b0e7-15c93b0dfe72-1536x1152.jpeg 1536w, https:\/\/gymwelt-tsv1881.de\/wp-content\/uploads\/2024\/03\/4f821a8a-5f46-41f6-b0e7-15c93b0dfe72-1200x900.jpeg 1200w, https:\/\/gymwelt-tsv1881.de\/wp-content\/uploads\/2024\/03\/4f821a8a-5f46-41f6-b0e7-15c93b0dfe72-1980x1485.jpeg 1980w\" sizes=\"auto, (max-width: 2048px) 100vw, 2048px\" \/><\/figure>\n\n\n\n<figure class=\"wp-block-image size-full\"><img loading=\"lazy\" decoding=\"async\" width=\"2048\" height=\"1536\" data-id=\"1505\" src=\"https:\/\/gymwelt-tsv1881.de\/wp-content\/uploads\/2024\/03\/a49a4df0-53aa-4a00-bd03-9e65771febb4.jpeg\" alt=\"\" class=\"wp-image-1505\" srcset=\"https:\/\/gymwelt-tsv1881.de\/wp-content\/uploads\/2024\/03\/a49a4df0-53aa-4a00-bd03-9e65771febb4.jpeg 2048w, https:\/\/gymwelt-tsv1881.de\/wp-content\/uploads\/2024\/03\/a49a4df0-53aa-4a00-bd03-9e65771febb4-300x225.jpeg 300w, https:\/\/gymwelt-tsv1881.de\/wp-content\/uploads\/2024\/03\/a49a4df0-53aa-4a00-bd03-9e65771febb4-1024x768.jpeg 1024w, https:\/\/gymwelt-tsv1881.de\/wp-content\/uploads\/2024\/03\/a49a4df0-53aa-4a00-bd03-9e65771febb4-768x576.jpeg 768w, https:\/\/gymwelt-tsv1881.de\/wp-content\/uploads\/2024\/03\/a49a4df0-53aa-4a00-bd03-9e65771febb4-1536x1152.jpeg 1536w, https:\/\/gymwelt-tsv1881.de\/wp-content\/uploads\/2024\/03\/a49a4df0-53aa-4a00-bd03-9e65771febb4-1200x900.jpeg 1200w, https:\/\/gymwelt-tsv1881.de\/wp-content\/uploads\/2024\/03\/a49a4df0-53aa-4a00-bd03-9e65771febb4-1980x1485.jpeg 1980w\" sizes=\"auto, (max-width: 2048px) 100vw, 2048px\" \/><\/figure>\n\n\n\n<figure class=\"wp-block-image size-full\"><img loading=\"lazy\" decoding=\"async\" width=\"2048\" height=\"1536\" data-id=\"1508\" src=\"https:\/\/gymwelt-tsv1881.de\/wp-content\/uploads\/2024\/03\/63f153bd-a5f3-40bf-a66d-0535a39ff0f5.jpeg\" alt=\"\" class=\"wp-image-1508\" srcset=\"https:\/\/gymwelt-tsv1881.de\/wp-content\/uploads\/2024\/03\/63f153bd-a5f3-40bf-a66d-0535a39ff0f5.jpeg 2048w, https:\/\/gymwelt-tsv1881.de\/wp-content\/uploads\/2024\/03\/63f153bd-a5f3-40bf-a66d-0535a39ff0f5-300x225.jpeg 300w, https:\/\/gymwelt-tsv1881.de\/wp-content\/uploads\/2024\/03\/63f153bd-a5f3-40bf-a66d-0535a39ff0f5-1024x768.jpeg 1024w, https:\/\/gymwelt-tsv1881.de\/wp-content\/uploads\/2024\/03\/63f153bd-a5f3-40bf-a66d-0535a39ff0f5-768x576.jpeg 768w, https:\/\/gymwelt-tsv1881.de\/wp-content\/uploads\/2024\/03\/63f153bd-a5f3-40bf-a66d-0535a39ff0f5-1536x1152.jpeg 1536w, https:\/\/gymwelt-tsv1881.de\/wp-content\/uploads\/2024\/03\/63f153bd-a5f3-40bf-a66d-0535a39ff0f5-1200x900.jpeg 1200w, https:\/\/gymwelt-tsv1881.de\/wp-content\/uploads\/2024\/03\/63f153bd-a5f3-40bf-a66d-0535a39ff0f5-1980x1485.jpeg 1980w\" sizes=\"auto, (max-width: 2048px) 100vw, 2048px\" \/><\/figure>\n\n\n\n<figure class=\"wp-block-image size-full\"><img loading=\"lazy\" decoding=\"async\" width=\"2048\" height=\"1536\" data-id=\"1511\" src=\"https:\/\/gymwelt-tsv1881.de\/wp-content\/uploads\/2024\/03\/beeca294-5f67-4f1a-a3bf-ed8597280b9b.jpeg\" alt=\"\" class=\"wp-image-1511\" srcset=\"https:\/\/gymwelt-tsv1881.de\/wp-content\/uploads\/2024\/03\/beeca294-5f67-4f1a-a3bf-ed8597280b9b.jpeg 2048w, https:\/\/gymwelt-tsv1881.de\/wp-content\/uploads\/2024\/03\/beeca294-5f67-4f1a-a3bf-ed8597280b9b-300x225.jpeg 300w, https:\/\/gymwelt-tsv1881.de\/wp-content\/uploads\/2024\/03\/beeca294-5f67-4f1a-a3bf-ed8597280b9b-1024x768.jpeg 1024w, https:\/\/gymwelt-tsv1881.de\/wp-content\/uploads\/2024\/03\/beeca294-5f67-4f1a-a3bf-ed8597280b9b-768x576.jpeg 768w, https:\/\/gymwelt-tsv1881.de\/wp-content\/uploads\/2024\/03\/beeca294-5f67-4f1a-a3bf-ed8597280b9b-1536x1152.jpeg 1536w, https:\/\/gymwelt-tsv1881.de\/wp-content\/uploads\/2024\/03\/beeca294-5f67-4f1a-a3bf-ed8597280b9b-1200x900.jpeg 1200w, https:\/\/gymwelt-tsv1881.de\/wp-content\/uploads\/2024\/03\/beeca294-5f67-4f1a-a3bf-ed8597280b9b-1980x1485.jpeg 1980w\" sizes=\"auto, (max-width: 2048px) 100vw, 2048px\" \/><\/figure>\n\n\n\n<figure class=\"wp-block-image size-full\"><img loading=\"lazy\" decoding=\"async\" width=\"2048\" height=\"1536\" data-id=\"1513\" src=\"https:\/\/gymwelt-tsv1881.de\/wp-content\/uploads\/2024\/03\/e78738c6-5da3-4d80-8dcd-6dd79697826d.jpeg\" alt=\"\" class=\"wp-image-1513\" srcset=\"https:\/\/gymwelt-tsv1881.de\/wp-content\/uploads\/2024\/03\/e78738c6-5da3-4d80-8dcd-6dd79697826d.jpeg 2048w, https:\/\/gymwelt-tsv1881.de\/wp-content\/uploads\/2024\/03\/e78738c6-5da3-4d80-8dcd-6dd79697826d-300x225.jpeg 300w, https:\/\/gymwelt-tsv1881.de\/wp-content\/uploads\/2024\/03\/e78738c6-5da3-4d80-8dcd-6dd79697826d-1024x768.jpeg 1024w, https:\/\/gymwelt-tsv1881.de\/wp-content\/uploads\/2024\/03\/e78738c6-5da3-4d80-8dcd-6dd79697826d-768x576.jpeg 768w, https:\/\/gymwelt-tsv1881.de\/wp-content\/uploads\/2024\/03\/e78738c6-5da3-4d80-8dcd-6dd79697826d-1536x1152.jpeg 1536w, https:\/\/gymwelt-tsv1881.de\/wp-content\/uploads\/2024\/03\/e78738c6-5da3-4d80-8dcd-6dd79697826d-1200x900.jpeg 1200w, https:\/\/gymwelt-tsv1881.de\/wp-content\/uploads\/2024\/03\/e78738c6-5da3-4d80-8dcd-6dd79697826d-1980x1485.jpeg 1980w\" sizes=\"auto, (max-width: 2048px) 100vw, 2048px\" \/><\/figure>\n\n\n\n<figure class=\"wp-block-image size-full\"><img loading=\"lazy\" decoding=\"async\" width=\"2048\" height=\"1536\" data-id=\"1514\" src=\"https:\/\/gymwelt-tsv1881.de\/wp-content\/uploads\/2024\/03\/290ff235-2f71-44e0-b3b8-a6b6d83df383.jpeg\" alt=\"\" class=\"wp-image-1514\" srcset=\"https:\/\/gymwelt-tsv1881.de\/wp-content\/uploads\/2024\/03\/290ff235-2f71-44e0-b3b8-a6b6d83df383.jpeg 2048w, https:\/\/gymwelt-tsv1881.de\/wp-content\/uploads\/2024\/03\/290ff235-2f71-44e0-b3b8-a6b6d83df383-300x225.jpeg 300w, https:\/\/gymwelt-tsv1881.de\/wp-content\/uploads\/2024\/03\/290ff235-2f71-44e0-b3b8-a6b6d83df383-1024x768.jpeg 1024w, https:\/\/gymwelt-tsv1881.de\/wp-content\/uploads\/2024\/03\/290ff235-2f71-44e0-b3b8-a6b6d83df383-768x576.jpeg 768w, https:\/\/gymwelt-tsv1881.de\/wp-content\/uploads\/2024\/03\/290ff235-2f71-44e0-b3b8-a6b6d83df383-1536x1152.jpeg 1536w, https:\/\/gymwelt-tsv1881.de\/wp-content\/uploads\/2024\/03\/290ff235-2f71-44e0-b3b8-a6b6d83df383-1200x900.jpeg 1200w, https:\/\/gymwelt-tsv1881.de\/wp-content\/uploads\/2024\/03\/290ff235-2f71-44e0-b3b8-a6b6d83df383-1980x1485.jpeg 1980w\" sizes=\"auto, (max-width: 2048px) 100vw, 2048px\" \/><\/figure>\n\n\n\n<figure class=\"wp-block-image size-full\"><img loading=\"lazy\" decoding=\"async\" width=\"2048\" height=\"1536\" data-id=\"1512\" src=\"https:\/\/gymwelt-tsv1881.de\/wp-content\/uploads\/2024\/03\/4c4a1c65-6260-482b-bc9f-8c366eabe9fe.jpeg\" alt=\"\" class=\"wp-image-1512\" srcset=\"https:\/\/gymwelt-tsv1881.de\/wp-content\/uploads\/2024\/03\/4c4a1c65-6260-482b-bc9f-8c366eabe9fe.jpeg 2048w, https:\/\/gymwelt-tsv1881.de\/wp-content\/uploads\/2024\/03\/4c4a1c65-6260-482b-bc9f-8c366eabe9fe-300x225.jpeg 300w, https:\/\/gymwelt-tsv1881.de\/wp-content\/uploads\/2024\/03\/4c4a1c65-6260-482b-bc9f-8c366eabe9fe-1024x768.jpeg 1024w, https:\/\/gymwelt-tsv1881.de\/wp-content\/uploads\/2024\/03\/4c4a1c65-6260-482b-bc9f-8c366eabe9fe-768x576.jpeg 768w, https:\/\/gymwelt-tsv1881.de\/wp-content\/uploads\/2024\/03\/4c4a1c65-6260-482b-bc9f-8c366eabe9fe-1536x1152.jpeg 1536w, https:\/\/gymwelt-tsv1881.de\/wp-content\/uploads\/2024\/03\/4c4a1c65-6260-482b-bc9f-8c366eabe9fe-1200x900.jpeg 1200w, https:\/\/gymwelt-tsv1881.de\/wp-content\/uploads\/2024\/03\/4c4a1c65-6260-482b-bc9f-8c366eabe9fe-1980x1485.jpeg 1980w\" sizes=\"auto, (max-width: 2048px) 100vw, 2048px\" \/><\/figure>\n<\/figure>\n","protected":false},"excerpt":{"rendered":"<p>Trainer\/Trainerin gesucht! Alter: 13+ Informationen: Miriam Engler-YalcinTel.: 0160-8898998 Das Training richtet sich an Jugendliche im Alter von 13-16 Jahren. Mit viel Spa\u00df am Tanzen, Begeisterung f\u00fcr den Sport, Ehrgeiz und einer guten Gruppendynamik wurde die Showtanz-Gruppe \u201eDragons\u201c 2021 gegr\u00fcndet.Beim Showtanz geht es um die t\u00e4nzerische Darstellung eines bestimmten Themas. Am Anfang steht immer eine Geschichte, [&hellip;]<\/p>\n","protected":false},"author":1,"featured_media":0,"parent":0,"menu_order":0,"comment_status":"closed","ping_status":"closed","template":"","meta":{"footnotes":""},"class_list":["post-1197","page","type-page","status-publish","hentry"],"_links":{"self":[{"href":"https:\/\/gymwelt-tsv1881.de\/index.php?rest_route=\/wp\/v2\/pages\/1197","targetHints":{"allow":["GET"]}}],"collection":[{"href":"https:\/\/gymwelt-tsv1881.de\/index.php?rest_route=\/wp\/v2\/pages"}],"about":[{"href":"https:\/\/gymwelt-tsv1881.de\/index.php?rest_route=\/wp\/v2\/types\/page"}],"author":[{"embeddable":true,"href":"https:\/\/gymwelt-tsv1881.de\/index.php?rest_route=\/wp\/v2\/users\/1"}],"replies":[{"embeddable":true,"href":"https:\/\/gymwelt-tsv1881.de\/index.php?rest_route=%2Fwp%2Fv2%2Fcomments&post=1197"}],"version-history":[{"count":26,"href":"https:\/\/gymwelt-tsv1881.de\/index.php?rest_route=\/wp\/v2\/pages\/1197\/revisions"}],"predecessor-version":[{"id":1602,"href":"https:\/\/gymwelt-tsv1881.de\/index.php?rest_route=\/wp\/v2\/pages\/1197\/revisions\/1602"}],"wp:attachment":[{"href":"https:\/\/gymwelt-tsv1881.de\/index.php?rest_route=%2Fwp%2Fv2%2Fmedia&parent=1197"}],"curies":[{"name":"wp","href":"https:\/\/api.w.org\/{rel}","templated":true}]}}