{"id":183,"date":"2019-03-07T14:21:17","date_gmt":"2019-03-07T14:21:17","guid":{"rendered":"http:\/\/gymwelt-tsv1881.de\/?page_id=183"},"modified":"2025-06-24T06:45:33","modified_gmt":"2025-06-24T06:45:33","slug":"volleyball","status":"publish","type":"page","link":"https:\/\/gymwelt-tsv1881.de\/?page_id=183","title":{"rendered":"Volleyball"},"content":{"rendered":"\n<p><strong>Fr 19:30 &#8211; 21:30 Uhr Petersberghalle Anmeldung: Peter Rie\u00df Tel.: 0176-43849727<\/strong><\/p>\n\n\n\n<p>Unsere gemischte Volleyball-Freizeitgruppe trainiert am Freitagabend. Zu Beginn der Doppelstunde werden technische und taktische Elemente des Volleyballspiels in \u00dcbungsformen geschult. Im zweiten Teil wird nach offiziel- len Regeln Volleyball gespielt. Im Mittelpunkt der Trainingseinheit f\u00fcr Fortgeschrittene und Anf\u00e4nger steht der Spa\u00df am Volleyballspiel und die sportliche Begegnung in der Gruppe.<\/p>\n","protected":false},"excerpt":{"rendered":"<p>Fr 19:30 &#8211; 21:30 Uhr Petersberghalle Anmeldung: Peter Rie\u00df Tel.: 0176-43849727 Unsere gemischte Volleyball-Freizeitgruppe trainiert am Freitagabend. Zu Beginn der Doppelstunde werden technische und taktische Elemente des Volleyballspiels in \u00dcbungsformen geschult. Im zweiten Teil wird nach offiziel- len Regeln Volleyball gespielt. Im Mittelpunkt der Trainingseinheit f\u00fcr Fortgeschrittene und Anf\u00e4nger steht der Spa\u00df am Volleyballspiel und [&hellip;]<\/p>\n","protected":false},"author":1,"featured_media":0,"parent":0,"menu_order":0,"comment_status":"closed","ping_status":"closed","template":"","meta":{"footnotes":""},"class_list":["post-183","page","type-page","status-publish","hentry"],"_links":{"self":[{"href":"https:\/\/gymwelt-tsv1881.de\/index.php?rest_route=\/wp\/v2\/pages\/183","targetHints":{"allow":["GET"]}}],"collection":[{"href":"https:\/\/gymwelt-tsv1881.de\/index.php?rest_route=\/wp\/v2\/pages"}],"about":[{"href":"https:\/\/gymwelt-tsv1881.de\/index.php?rest_route=\/wp\/v2\/types\/page"}],"author":[{"embeddable":true,"href":"https:\/\/gymwelt-tsv1881.de\/index.php?rest_route=\/wp\/v2\/users\/1"}],"replies":[{"embeddable":true,"href":"https:\/\/gymwelt-tsv1881.de\/index.php?rest_route=%2Fwp%2Fv2%2Fcomments&post=183"}],"version-history":[{"count":10,"href":"https:\/\/gymwelt-tsv1881.de\/index.php?rest_route=\/wp\/v2\/pages\/183\/revisions"}],"predecessor-version":[{"id":1636,"href":"https:\/\/gymwelt-tsv1881.de\/index.php?rest_route=\/wp\/v2\/pages\/183\/revisions\/1636"}],"wp:attachment":[{"href":"https:\/\/gymwelt-tsv1881.de\/index.php?rest_route=%2Fwp%2Fv2%2Fmedia&parent=183"}],"curies":[{"name":"wp","href":"https:\/\/api.w.org\/{rel}","templated":true}]}}