{"id":763,"date":"2021-09-21T17:13:20","date_gmt":"2021-09-21T17:13:20","guid":{"rendered":"http:\/\/gymwelt-tsv1881.de\/?page_id=763"},"modified":"2026-01-29T06:53:38","modified_gmt":"2026-01-29T06:53:38","slug":"nordic-walking","status":"publish","type":"page","link":"https:\/\/gymwelt-tsv1881.de\/?page_id=763","title":{"rendered":"Nordic Walking"},"content":{"rendered":"\n<p><strong>Montags 17:30 &#8211; 18:30 Uhr <\/strong><\/p>\n\n\n\n<p><strong>Treffpunkt Sportheim<\/strong><\/p>\n\n\n\n<p><strong>Anmeldung: <\/strong><br><strong>Marina Hafner  Tel.: 0178-3068719<\/strong><\/p>\n\n\n\n<p>Die Gruppe trifft sich zu einem einst\u00fcndigen Spaziergang mit oder ohne St\u00f6cke. Dabei lernen die Teilnehmer die n\u00e4here Umgebung von Gau-Odernheim kennen. Die \u00dcbungsleiterin Marina Hafner macht jeweils einen Routenvorschlag und l\u00e4dt zu den Treffpunkten ein. Die Spazierg\u00e4nge bieten gute Gelegenheiten f\u00fcr angeregte Gespr\u00e4che.<\/p>\n\n\n\n<p>Hier ein paar Impressionen:<\/p>\n\n\n\n<p>2025<\/p>\n\n\n\n<figure class=\"wp-block-gallery has-nested-images columns-default is-cropped wp-block-gallery-1 is-layout-flex wp-block-gallery-is-layout-flex\">\n<figure class=\"wp-block-image size-large\"><img loading=\"lazy\" decoding=\"async\" width=\"768\" height=\"1024\" data-id=\"1723\" src=\"https:\/\/gymwelt-tsv1881.de\/wp-content\/uploads\/2025\/11\/718e9039-5889-4b08-b268-debaf2449838-768x1024.jpeg\" alt=\"\" class=\"wp-image-1723\" srcset=\"https:\/\/gymwelt-tsv1881.de\/wp-content\/uploads\/2025\/11\/718e9039-5889-4b08-b268-debaf2449838-768x1024.jpeg 768w, https:\/\/gymwelt-tsv1881.de\/wp-content\/uploads\/2025\/11\/718e9039-5889-4b08-b268-debaf2449838-225x300.jpeg 225w, https:\/\/gymwelt-tsv1881.de\/wp-content\/uploads\/2025\/11\/718e9039-5889-4b08-b268-debaf2449838-1152x1536.jpeg 1152w, https:\/\/gymwelt-tsv1881.de\/wp-content\/uploads\/2025\/11\/718e9039-5889-4b08-b268-debaf2449838-1200x1600.jpeg 1200w, https:\/\/gymwelt-tsv1881.de\/wp-content\/uploads\/2025\/11\/718e9039-5889-4b08-b268-debaf2449838.jpeg 1500w\" sizes=\"auto, (max-width: 768px) 100vw, 768px\" \/><\/figure>\n\n\n\n<figure class=\"wp-block-image size-large\"><img loading=\"lazy\" decoding=\"async\" width=\"1024\" height=\"768\" data-id=\"1720\" src=\"https:\/\/gymwelt-tsv1881.de\/wp-content\/uploads\/2025\/11\/160ed733-f31f-4b0a-8e2a-8e3c49a716a2-1024x768.jpeg\" alt=\"\" class=\"wp-image-1720\" srcset=\"https:\/\/gymwelt-tsv1881.de\/wp-content\/uploads\/2025\/11\/160ed733-f31f-4b0a-8e2a-8e3c49a716a2-1024x768.jpeg 1024w, https:\/\/gymwelt-tsv1881.de\/wp-content\/uploads\/2025\/11\/160ed733-f31f-4b0a-8e2a-8e3c49a716a2-300x225.jpeg 300w, https:\/\/gymwelt-tsv1881.de\/wp-content\/uploads\/2025\/11\/160ed733-f31f-4b0a-8e2a-8e3c49a716a2-768x576.jpeg 768w, https:\/\/gymwelt-tsv1881.de\/wp-content\/uploads\/2025\/11\/160ed733-f31f-4b0a-8e2a-8e3c49a716a2-1536x1152.jpeg 1536w, https:\/\/gymwelt-tsv1881.de\/wp-content\/uploads\/2025\/11\/160ed733-f31f-4b0a-8e2a-8e3c49a716a2-1200x900.jpeg 1200w, https:\/\/gymwelt-tsv1881.de\/wp-content\/uploads\/2025\/11\/160ed733-f31f-4b0a-8e2a-8e3c49a716a2-1980x1485.jpeg 1980w, https:\/\/gymwelt-tsv1881.de\/wp-content\/uploads\/2025\/11\/160ed733-f31f-4b0a-8e2a-8e3c49a716a2.jpeg 2000w\" sizes=\"auto, (max-width: 1024px) 100vw, 1024px\" \/><\/figure>\n\n\n\n<figure class=\"wp-block-image size-large\"><img loading=\"lazy\" decoding=\"async\" width=\"1024\" height=\"768\" data-id=\"1722\" src=\"https:\/\/gymwelt-tsv1881.de\/wp-content\/uploads\/2025\/11\/a8c8f053-625b-4cdb-a143-5373c17a3db3-1024x768.jpeg\" alt=\"\" class=\"wp-image-1722\" srcset=\"https:\/\/gymwelt-tsv1881.de\/wp-content\/uploads\/2025\/11\/a8c8f053-625b-4cdb-a143-5373c17a3db3-1024x768.jpeg 1024w, https:\/\/gymwelt-tsv1881.de\/wp-content\/uploads\/2025\/11\/a8c8f053-625b-4cdb-a143-5373c17a3db3-300x225.jpeg 300w, https:\/\/gymwelt-tsv1881.de\/wp-content\/uploads\/2025\/11\/a8c8f053-625b-4cdb-a143-5373c17a3db3-768x576.jpeg 768w, https:\/\/gymwelt-tsv1881.de\/wp-content\/uploads\/2025\/11\/a8c8f053-625b-4cdb-a143-5373c17a3db3-1536x1152.jpeg 1536w, https:\/\/gymwelt-tsv1881.de\/wp-content\/uploads\/2025\/11\/a8c8f053-625b-4cdb-a143-5373c17a3db3-1200x900.jpeg 1200w, https:\/\/gymwelt-tsv1881.de\/wp-content\/uploads\/2025\/11\/a8c8f053-625b-4cdb-a143-5373c17a3db3-1980x1485.jpeg 1980w, https:\/\/gymwelt-tsv1881.de\/wp-content\/uploads\/2025\/11\/a8c8f053-625b-4cdb-a143-5373c17a3db3.jpeg 2048w\" sizes=\"auto, (max-width: 1024px) 100vw, 1024px\" \/><\/figure>\n\n\n\n<figure class=\"wp-block-image size-large\"><img loading=\"lazy\" decoding=\"async\" width=\"768\" height=\"1024\" data-id=\"1721\" src=\"https:\/\/gymwelt-tsv1881.de\/wp-content\/uploads\/2025\/11\/9eb31ab7-0d62-4997-a6b5-7a5e3c2e2805-768x1024.jpeg\" alt=\"\" class=\"wp-image-1721\" srcset=\"https:\/\/gymwelt-tsv1881.de\/wp-content\/uploads\/2025\/11\/9eb31ab7-0d62-4997-a6b5-7a5e3c2e2805-768x1024.jpeg 768w, https:\/\/gymwelt-tsv1881.de\/wp-content\/uploads\/2025\/11\/9eb31ab7-0d62-4997-a6b5-7a5e3c2e2805-225x300.jpeg 225w, https:\/\/gymwelt-tsv1881.de\/wp-content\/uploads\/2025\/11\/9eb31ab7-0d62-4997-a6b5-7a5e3c2e2805-1152x1536.jpeg 1152w, https:\/\/gymwelt-tsv1881.de\/wp-content\/uploads\/2025\/11\/9eb31ab7-0d62-4997-a6b5-7a5e3c2e2805-1200x1600.jpeg 1200w, https:\/\/gymwelt-tsv1881.de\/wp-content\/uploads\/2025\/11\/9eb31ab7-0d62-4997-a6b5-7a5e3c2e2805.jpeg 1500w\" sizes=\"auto, (max-width: 768px) 100vw, 768px\" \/><\/figure>\n<\/figure>\n\n\n\n<p>2024<\/p>\n\n\n\n<figure class=\"wp-block-gallery has-nested-images columns-default is-cropped wp-block-gallery-2 is-layout-flex wp-block-gallery-is-layout-flex\">\n<figure class=\"wp-block-image size-large\"><img loading=\"lazy\" decoding=\"async\" width=\"1024\" height=\"768\" data-id=\"1491\" src=\"https:\/\/gymwelt-tsv1881.de\/wp-content\/uploads\/2024\/03\/9cfa27a8-76e6-410f-a971-09443dffbd29-1024x768.jpeg\" alt=\"\" class=\"wp-image-1491\" srcset=\"https:\/\/gymwelt-tsv1881.de\/wp-content\/uploads\/2024\/03\/9cfa27a8-76e6-410f-a971-09443dffbd29-1024x768.jpeg 1024w, https:\/\/gymwelt-tsv1881.de\/wp-content\/uploads\/2024\/03\/9cfa27a8-76e6-410f-a971-09443dffbd29-300x225.jpeg 300w, https:\/\/gymwelt-tsv1881.de\/wp-content\/uploads\/2024\/03\/9cfa27a8-76e6-410f-a971-09443dffbd29-768x576.jpeg 768w, https:\/\/gymwelt-tsv1881.de\/wp-content\/uploads\/2024\/03\/9cfa27a8-76e6-410f-a971-09443dffbd29-1536x1152.jpeg 1536w, https:\/\/gymwelt-tsv1881.de\/wp-content\/uploads\/2024\/03\/9cfa27a8-76e6-410f-a971-09443dffbd29-1200x900.jpeg 1200w, https:\/\/gymwelt-tsv1881.de\/wp-content\/uploads\/2024\/03\/9cfa27a8-76e6-410f-a971-09443dffbd29.jpeg 1600w\" sizes=\"auto, (max-width: 1024px) 100vw, 1024px\" \/><\/figure>\n\n\n\n<figure class=\"wp-block-image size-large is-style-default\"><img loading=\"lazy\" decoding=\"async\" width=\"768\" height=\"1024\" data-id=\"1495\" src=\"https:\/\/gymwelt-tsv1881.de\/wp-content\/uploads\/2024\/03\/db23e56d-2a6f-4bd8-9c77-007ea08b1532-768x1024.jpeg\" alt=\"\" class=\"wp-image-1495\" srcset=\"https:\/\/gymwelt-tsv1881.de\/wp-content\/uploads\/2024\/03\/db23e56d-2a6f-4bd8-9c77-007ea08b1532-768x1024.jpeg 768w, https:\/\/gymwelt-tsv1881.de\/wp-content\/uploads\/2024\/03\/db23e56d-2a6f-4bd8-9c77-007ea08b1532-225x300.jpeg 225w, https:\/\/gymwelt-tsv1881.de\/wp-content\/uploads\/2024\/03\/db23e56d-2a6f-4bd8-9c77-007ea08b1532-1152x1536.jpeg 1152w, https:\/\/gymwelt-tsv1881.de\/wp-content\/uploads\/2024\/03\/db23e56d-2a6f-4bd8-9c77-007ea08b1532.jpeg 1200w\" sizes=\"auto, (max-width: 768px) 100vw, 768px\" \/><\/figure>\n\n\n\n<figure class=\"wp-block-image size-large\"><img loading=\"lazy\" decoding=\"async\" width=\"768\" height=\"1024\" data-id=\"1492\" src=\"https:\/\/gymwelt-tsv1881.de\/wp-content\/uploads\/2024\/03\/72122ec2-5d37-4750-8af4-a2f911b1b68f.jpeg\" alt=\"\" class=\"wp-image-1492\" srcset=\"https:\/\/gymwelt-tsv1881.de\/wp-content\/uploads\/2024\/03\/72122ec2-5d37-4750-8af4-a2f911b1b68f.jpeg 768w, https:\/\/gymwelt-tsv1881.de\/wp-content\/uploads\/2024\/03\/72122ec2-5d37-4750-8af4-a2f911b1b68f-225x300.jpeg 225w\" sizes=\"auto, (max-width: 768px) 100vw, 768px\" \/><\/figure>\n\n\n\n<figure class=\"wp-block-image size-large\"><img loading=\"lazy\" decoding=\"async\" width=\"1024\" height=\"768\" data-id=\"1493\" src=\"https:\/\/gymwelt-tsv1881.de\/wp-content\/uploads\/2024\/03\/21f4624d-93f8-4371-a915-91b7dec7f788-1024x768.jpeg\" alt=\"\" class=\"wp-image-1493\" srcset=\"https:\/\/gymwelt-tsv1881.de\/wp-content\/uploads\/2024\/03\/21f4624d-93f8-4371-a915-91b7dec7f788-1024x768.jpeg 1024w, https:\/\/gymwelt-tsv1881.de\/wp-content\/uploads\/2024\/03\/21f4624d-93f8-4371-a915-91b7dec7f788-300x225.jpeg 300w, https:\/\/gymwelt-tsv1881.de\/wp-content\/uploads\/2024\/03\/21f4624d-93f8-4371-a915-91b7dec7f788-768x576.jpeg 768w, https:\/\/gymwelt-tsv1881.de\/wp-content\/uploads\/2024\/03\/21f4624d-93f8-4371-a915-91b7dec7f788-1536x1152.jpeg 1536w, https:\/\/gymwelt-tsv1881.de\/wp-content\/uploads\/2024\/03\/21f4624d-93f8-4371-a915-91b7dec7f788-1200x900.jpeg 1200w, https:\/\/gymwelt-tsv1881.de\/wp-content\/uploads\/2024\/03\/21f4624d-93f8-4371-a915-91b7dec7f788.jpeg 1600w\" sizes=\"auto, (max-width: 1024px) 100vw, 1024px\" \/><\/figure>\n\n\n\n<figure class=\"wp-block-image size-large\"><img loading=\"lazy\" decoding=\"async\" width=\"1024\" height=\"768\" data-id=\"1494\" src=\"https:\/\/gymwelt-tsv1881.de\/wp-content\/uploads\/2024\/03\/9c36ee5b-8a42-46af-88cd-5d14490d6013-1024x768.jpeg\" alt=\"\" class=\"wp-image-1494\" srcset=\"https:\/\/gymwelt-tsv1881.de\/wp-content\/uploads\/2024\/03\/9c36ee5b-8a42-46af-88cd-5d14490d6013-1024x768.jpeg 1024w, https:\/\/gymwelt-tsv1881.de\/wp-content\/uploads\/2024\/03\/9c36ee5b-8a42-46af-88cd-5d14490d6013-300x225.jpeg 300w, https:\/\/gymwelt-tsv1881.de\/wp-content\/uploads\/2024\/03\/9c36ee5b-8a42-46af-88cd-5d14490d6013-768x576.jpeg 768w, https:\/\/gymwelt-tsv1881.de\/wp-content\/uploads\/2024\/03\/9c36ee5b-8a42-46af-88cd-5d14490d6013-1536x1152.jpeg 1536w, https:\/\/gymwelt-tsv1881.de\/wp-content\/uploads\/2024\/03\/9c36ee5b-8a42-46af-88cd-5d14490d6013-1200x900.jpeg 1200w, https:\/\/gymwelt-tsv1881.de\/wp-content\/uploads\/2024\/03\/9c36ee5b-8a42-46af-88cd-5d14490d6013.jpeg 1600w\" sizes=\"auto, (max-width: 1024px) 100vw, 1024px\" \/><\/figure>\n\n\n\n<figure class=\"wp-block-image size-large\"><img loading=\"lazy\" decoding=\"async\" width=\"1024\" height=\"530\" data-id=\"1497\" src=\"https:\/\/gymwelt-tsv1881.de\/wp-content\/uploads\/2024\/03\/60e302a7-dbb1-4875-8bb2-4944c70b0ace-1024x530.jpeg\" alt=\"\" class=\"wp-image-1497\" srcset=\"https:\/\/gymwelt-tsv1881.de\/wp-content\/uploads\/2024\/03\/60e302a7-dbb1-4875-8bb2-4944c70b0ace-1024x530.jpeg 1024w, https:\/\/gymwelt-tsv1881.de\/wp-content\/uploads\/2024\/03\/60e302a7-dbb1-4875-8bb2-4944c70b0ace-300x155.jpeg 300w, https:\/\/gymwelt-tsv1881.de\/wp-content\/uploads\/2024\/03\/60e302a7-dbb1-4875-8bb2-4944c70b0ace-768x397.jpeg 768w, https:\/\/gymwelt-tsv1881.de\/wp-content\/uploads\/2024\/03\/60e302a7-dbb1-4875-8bb2-4944c70b0ace-1200x621.jpeg 1200w, https:\/\/gymwelt-tsv1881.de\/wp-content\/uploads\/2024\/03\/60e302a7-dbb1-4875-8bb2-4944c70b0ace.jpeg 1428w\" sizes=\"auto, (max-width: 1024px) 100vw, 1024px\" \/><\/figure>\n\n\n\n<figure class=\"wp-block-image size-large\"><img loading=\"lazy\" decoding=\"async\" width=\"1024\" height=\"472\" data-id=\"1496\" src=\"https:\/\/gymwelt-tsv1881.de\/wp-content\/uploads\/2024\/03\/203197df-6794-45a0-9e5e-673c6903bdcf-1024x472.jpeg\" alt=\"\" class=\"wp-image-1496\" srcset=\"https:\/\/gymwelt-tsv1881.de\/wp-content\/uploads\/2024\/03\/203197df-6794-45a0-9e5e-673c6903bdcf-1024x472.jpeg 1024w, https:\/\/gymwelt-tsv1881.de\/wp-content\/uploads\/2024\/03\/203197df-6794-45a0-9e5e-673c6903bdcf-300x138.jpeg 300w, https:\/\/gymwelt-tsv1881.de\/wp-content\/uploads\/2024\/03\/203197df-6794-45a0-9e5e-673c6903bdcf-768x354.jpeg 768w, https:\/\/gymwelt-tsv1881.de\/wp-content\/uploads\/2024\/03\/203197df-6794-45a0-9e5e-673c6903bdcf-1536x708.jpeg 1536w, https:\/\/gymwelt-tsv1881.de\/wp-content\/uploads\/2024\/03\/203197df-6794-45a0-9e5e-673c6903bdcf-1200x553.jpeg 1200w, https:\/\/gymwelt-tsv1881.de\/wp-content\/uploads\/2024\/03\/203197df-6794-45a0-9e5e-673c6903bdcf.jpeg 1600w\" sizes=\"auto, (max-width: 1024px) 100vw, 1024px\" \/><\/figure>\n<\/figure>\n","protected":false},"excerpt":{"rendered":"<p>Montags 17:30 &#8211; 18:30 Uhr Treffpunkt Sportheim Anmeldung: Marina Hafner Tel.: 0178-3068719 Die Gruppe trifft sich zu einem einst\u00fcndigen Spaziergang mit oder ohne St\u00f6cke. Dabei lernen die Teilnehmer die n\u00e4here Umgebung von Gau-Odernheim kennen. Die \u00dcbungsleiterin Marina Hafner macht jeweils einen Routenvorschlag und l\u00e4dt zu den Treffpunkten ein. Die Spazierg\u00e4nge bieten gute Gelegenheiten f\u00fcr angeregte [&hellip;]<\/p>\n","protected":false},"author":1,"featured_media":0,"parent":0,"menu_order":0,"comment_status":"closed","ping_status":"closed","template":"","meta":{"footnotes":""},"class_list":["post-763","page","type-page","status-publish","hentry"],"_links":{"self":[{"href":"https:\/\/gymwelt-tsv1881.de\/index.php?rest_route=\/wp\/v2\/pages\/763","targetHints":{"allow":["GET"]}}],"collection":[{"href":"https:\/\/gymwelt-tsv1881.de\/index.php?rest_route=\/wp\/v2\/pages"}],"about":[{"href":"https:\/\/gymwelt-tsv1881.de\/index.php?rest_route=\/wp\/v2\/types\/page"}],"author":[{"embeddable":true,"href":"https:\/\/gymwelt-tsv1881.de\/index.php?rest_route=\/wp\/v2\/users\/1"}],"replies":[{"embeddable":true,"href":"https:\/\/gymwelt-tsv1881.de\/index.php?rest_route=%2Fwp%2Fv2%2Fcomments&post=763"}],"version-history":[{"count":19,"href":"https:\/\/gymwelt-tsv1881.de\/index.php?rest_route=\/wp\/v2\/pages\/763\/revisions"}],"predecessor-version":[{"id":1761,"href":"https:\/\/gymwelt-tsv1881.de\/index.php?rest_route=\/wp\/v2\/pages\/763\/revisions\/1761"}],"wp:attachment":[{"href":"https:\/\/gymwelt-tsv1881.de\/index.php?rest_route=%2Fwp%2Fv2%2Fmedia&parent=763"}],"curies":[{"name":"wp","href":"https:\/\/api.w.org\/{rel}","templated":true}]}}